{"id":2955,"date":"2023-10-25T15:38:03","date_gmt":"2023-10-25T12:38:03","guid":{"rendered":"https:\/\/deltavipguvenlik.com\/?page_id=2955"},"modified":"2025-07-03T18:40:13","modified_gmt":"2025-07-03T15:40:13","slug":"%d8%a3%d8%ac%d9%87%d8%b2%d8%aa%d9%86%d8%a7-%d8%a7%d9%84%d8%a3%d9%85%d9%86%d9%8a%d8%a9","status":"publish","type":"page","link":"https:\/\/deltavipguvenlik.com\/ar\/%d8%a3%d8%ac%d9%87%d8%b2%d8%aa%d9%86%d8%a7-%d8%a7%d9%84%d8%a3%d9%85%d9%86%d9%8a%d8%a9\/","title":{"rendered":"\u062e\u062f\u0645\u0627\u062a\u0646\u0627 \u0627\u0644\u0623\u0645\u0646\u064a\u0629"},"content":{"rendered":"<div data-elementor-type=\"wp-page\" data-elementor-id=\"2955\" class=\"elementor elementor-2955\">\n\t\t\t\t\t\t<section class=\"elementor-section elementor-top-section elementor-element elementor-element-4d28360 elementor-section-boxed elementor-section-height-default elementor-section-height-default\" data-id=\"4d28360\" data-element_type=\"section\">\n\t\t\t\t\t\t<div class=\"elementor-container elementor-column-gap-no\">\n\t\t\t\t\t<div class=\"elementor-column elementor-col-100 elementor-top-column elementor-element elementor-element-1126a6a\" data-id=\"1126a6a\" data-element_type=\"column\">\n\t\t\t<div class=\"elementor-widget-wrap elementor-element-populated\">\n\t\t\t\t\t\t<section class=\"elementor-section elementor-inner-section elementor-element elementor-element-3d8f76c elementor-section-full_width elementor-section-height-default elementor-section-height-default\" data-id=\"3d8f76c\" data-element_type=\"section\">\n\t\t\t\t\t\t<div class=\"elementor-container elementor-column-gap-no\">\n\t\t\t\t\t<div class=\"elementor-column elementor-col-100 elementor-inner-column elementor-element elementor-element-921f717\" data-id=\"921f717\" data-element_type=\"column\">\n\t\t\t<div class=\"elementor-widget-wrap elementor-element-populated\">\n\t\t\t\t\t\t<div class=\"elementor-element elementor-element-584095e elementor-widget elementor-widget-ruffersectiontitle\" data-id=\"584095e\" data-element_type=\"widget\" data-widget_type=\"ruffersectiontitle.default\">\n\t\t\t\t<div class=\"elementor-widget-container\">\n\t\t\t\t\t<div class=\"title-area-wrap\"><div class=\"title-area mb-30\" ><span class=\"sub-title subtitle-selector\">DeltaVip<\/span><h2 class=\"sec-title title-selector\">\u062d\u0645\u0627\u064a\u0629 \u0648\u0623\u0645\u0627\u0646 \u0639\u0627\u0644\u064a \u0627\u0644\u0645\u0633\u062a\u0648\u0649<\/h2><\/div><p class=\"desc-selector mt-n2 mb-30\">\u064a\u0645\u0643\u0646 \u0645\u0631\u0627\u062c\u0639\u0629 \u062e\u062f\u0645\u0627\u062a\u0646\u0627 \u0627\u0644\u0623\u0645\u0646\u064a\u0629. \u064a\u0645\u0643\u0646\u0643 \u062a\u062d\u062f\u064a\u062f \u0627\u0644\u062e\u062f\u0645\u0629 \u0627\u0644\u0623\u0643\u062b\u0631 \u0645\u0644\u0627\u0621\u0645\u0629 \u0644\u0643 \u0645\u0646 \u062e\u0644\u0627\u0644 \u0627\u0644\u0627\u0637\u0644\u0627\u0639 \u0639\u0644\u0649 \u062a\u0641\u0627\u0635\u064a\u0644\u0647\u0627 \u0648\u0645\u062d\u062a\u0648\u0627\u0647\u0627. \u064a\u0645\u0643\u0646\u0643 \u0637\u0644\u0628 \u062e\u062f\u0645\u0627\u062a\u0646\u0627 \u0627\u0644\u0623\u0645\u0646\u064a\u0629 \u0623\u0648 \u0627\u0644\u062d\u0635\u0648\u0644 \u0639\u0644\u0649 \u0639\u0631\u0636 \u0623\u0633\u0639\u0627\u0631 \u0623\u0648 \u0637\u0631\u062d \u0623\u064a \u0623\u0633\u0626\u0644\u0629 \u0644\u062f\u064a\u0643 \u0639\u0646 \u0637\u0631\u064a\u0642 \u0627\u0644\u0627\u062a\u0635\u0627\u0644 \u0628\u0646\u0627 \u0639\u0628\u0631 \u0639\u0646\u0627\u0648\u064a\u0646 \u0627\u0644\u0627\u062a\u0635\u0627\u0644 \u0627\u0644\u0645\u0637\u0644\u0648\u0628\u0629.<\/p><\/div>\t\t\t\t<\/div>\n\t\t\t\t<\/div>\n\t\t\t\t<div class=\"elementor-element elementor-element-1fbdd73 elementor-widget elementor-widget-rufferprojects\" data-id=\"1fbdd73\" data-element_type=\"widget\" data-widget_type=\"rufferprojects.default\">\n\t\t\t\t<div class=\"elementor-widget-container\">\n\t\t\t\t\t<div class=\"row gallery-row gy-4 filter-active\"><div class=\"col-md-6 col-xl-4 filter-item\"><div class=\"project-card style2 bg-overlay-2\"><div class=\"project-img\"><img decoding=\"async\" src=\"https:\/\/deltavipguvenlik.com\/wp-content\/uploads\/2023\/12\/Konut-ve-Site-Guvenligi.jpg\" alt=\"\u0635\u0648\u0631\u0629 \u0627\u0644\u0645\u0634\u0631\u0648\u0639\" title=\"\"><\/div><div class=\"project-content\"><h4 class=\"project-title\"><a href=\"https:\/\/deltavipguvenlik.com\/ar\/%d8%a3%d9%85%d9%86-%d8%a7%d9%84%d8%b3%d9%83%d9%86-%d9%88%d8%a7%d9%84%d9%85%d9%88%d9%82%d8%b9\/\" tabindex=\"-1\">\u0623\u0645\u0646 \u0627\u0644\u0633\u0643\u0646 \u0648\u0627\u0644\u0645\u0648\u0642\u0639\n<\/a><\/h4><\/div><\/div><\/div><div class=\"col-md-6 col-xl-4 filter-item\"><div class=\"project-card style2 bg-overlay-2\"><div class=\"project-img\"><img decoding=\"async\" src=\"https:\/\/deltavipguvenlik.com\/wp-content\/uploads\/2023\/12\/avm-guvenligi.jpg\" alt=\"\u0635\u0648\u0631\u0629 \u0627\u0644\u0645\u0634\u0631\u0648\u0639\" title=\"\"><\/div><div class=\"project-content\"><h4 class=\"project-title\"><a href=\"https:\/\/deltavipguvenlik.com\/ar\/%d8%a3%d9%85%d9%86-%d9%85%d8%b1%d8%a7%d9%83%d8%b2-%d8%a7%d9%84%d8%aa%d8%b3%d9%88%d9%82-2\/\" tabindex=\"-1\">\u0623\u0645\u0646 \u0645\u0631\u0627\u0643\u0632 \u0627\u0644\u062a\u0633\u0648\u0642<\/a><\/h4><\/div><\/div><\/div><div class=\"col-md-6 col-xl-4 filter-item\"><div class=\"project-card style2 bg-overlay-2\"><div class=\"project-img\"><img decoding=\"async\" src=\"https:\/\/deltavipguvenlik.com\/wp-content\/uploads\/2023\/12\/fabrika-guvenligi.jpg\" alt=\"\u0635\u0648\u0631\u0629 \u0627\u0644\u0645\u0634\u0631\u0648\u0639\" title=\"\"><\/div><div class=\"project-content\"><h4 class=\"project-title\"><a href=\"https:\/\/deltavipguvenlik.com\/ar\/%d8%a7%d9%84%d8%b3%d9%84%d8%a7%d9%85%d8%a9-%d8%a7%d9%84%d8%b5%d9%86%d8%a7%d8%b9%d9%8a%d8%a9-2\/\" tabindex=\"-1\">\u0623\u0645\u0646 \u0627\u0644\u0645\u0635\u0646\u0639<\/a><\/h4><\/div><\/div><\/div><div class=\"col-md-6 col-xl-4 filter-item \u015eantiye g\u00fcvenli\u011fi\"><div class=\"project-card style2 bg-overlay-2\"><div class=\"project-img\"><img decoding=\"async\" src=\"https:\/\/deltavipguvenlik.com\/wp-content\/uploads\/2023\/12\/santiye-guvenligi.jpg\" alt=\"\u0635\u0648\u0631\u0629 \u0627\u0644\u0645\u0634\u0631\u0648\u0639\" title=\"\"><\/div><div class=\"project-content\"><h4 class=\"project-title\"><a href=\"https:\/\/deltavipguvenlik.com\/ar\/%d8%ad%d9%85%d8%a7%d9%8a%d8%a9-%d8%a7%d9%84%d9%85%d9%88%d9%82%d8%b9\/\" tabindex=\"-1\">\u0623\u0645\u0646 \u0645\u0648\u0642\u0639 \u0627\u0644\u0628\u0646\u0627\u0621<\/a><\/h4><\/div><\/div><\/div><div class=\"col-md-6 col-xl-4 filter-item\"><div class=\"project-card style2 bg-overlay-2\"><div class=\"project-img\"><img decoding=\"async\" src=\"https:\/\/deltavipguvenlik.com\/wp-content\/uploads\/2023\/12\/VIP-Yakin-Koruma.jpg\" alt=\"\u0635\u0648\u0631\u0629 \u0627\u0644\u0645\u0634\u0631\u0648\u0639\" title=\"\"><\/div><div class=\"project-content\"><h4 class=\"project-title\"><a href=\"https:\/\/deltavipguvenlik.com\/ar\/%d8%ad%d9%85%d8%a7%d9%8a%d8%a9-%d9%88%d8%ab%d9%8a%d9%82%d8%a9-%d9%84%d9%83%d8%a8%d8%a7%d8%b1-%d8%a7%d9%84%d8%b4%d8%ae%d8%b5%d9%8a%d8%a7%d8%aa-2\/\" tabindex=\"-1\">\u062d\u0645\u0627\u064a\u0629 \u0648\u062b\u064a\u0642\u0629 \u0644\u0643\u0628\u0627\u0631 \u0627\u0644\u0634\u062e\u0635\u064a\u0627\u062a<\/a><\/h4><\/div><\/div><\/div><div class=\"col-md-6 col-xl-4 filter-item\"><div class=\"project-card style2 bg-overlay-2\"><div class=\"project-img\"><img decoding=\"async\" src=\"https:\/\/deltavipguvenlik.com\/wp-content\/uploads\/2023\/12\/hastane-guvenligi.jpg\" alt=\"\u0635\u0648\u0631\u0629 \u0627\u0644\u0645\u0634\u0631\u0648\u0639\" title=\"\"><\/div><div class=\"project-content\"><h4 class=\"project-title\"><a href=\"https:\/\/deltavipguvenlik.com\/ar\/%d8%a3%d9%85%d9%86-%d8%a7%d9%84%d9%85%d8%b3%d8%aa%d8%b4%d9%81%d9%89-2\/\" tabindex=\"-1\">\u0623\u0645\u0646 \u0627\u0644\u0645\u0633\u062a\u0634\u0641\u0649<\/a><\/h4><\/div><\/div><\/div><div class=\"col-md-6 col-xl-4 filter-item\"><div class=\"project-card style2 bg-overlay-2\"><div class=\"project-img\"><img decoding=\"async\" src=\"https:\/\/deltavipguvenlik.com\/wp-content\/uploads\/2023\/12\/Organizasyon-ve-Etkinlik-Guvenligi.jpg\" alt=\"\u0635\u0648\u0631\u0629 \u0627\u0644\u0645\u0634\u0631\u0648\u0639\" title=\"\"><\/div><div class=\"project-content\"><h4 class=\"project-title\"><a href=\"https:\/\/deltavipguvenlik.com\/ar\/%d8%a3%d9%85%d9%86-%d8%a7%d9%84%d8%aa%d9%86%d8%b8%d9%8a%d9%85-%d9%88%d8%a7%d9%84%d8%ad%d8%af%d8%ab\/\" tabindex=\"-1\">\u0623\u0645\u0646 \u0627\u0644\u062a\u0646\u0638\u064a\u0645 \u0648\u0627\u0644\u0641\u0639\u0627\u0644\u064a\u0627\u062a<\/a><\/h4><\/div><\/div><\/div><div class=\"col-md-6 col-xl-4 filter-item\"><div class=\"project-card style2 bg-overlay-2\"><div class=\"project-img\"><img decoding=\"async\" src=\"https:\/\/deltavipguvenlik.com\/wp-content\/uploads\/2023\/12\/is-merkezi-guvenligi.jpg\" alt=\"\u0635\u0648\u0631\u0629 \u0627\u0644\u0645\u0634\u0631\u0648\u0639\" title=\"\"><\/div><div class=\"project-content\"><h4 class=\"project-title\"><a href=\"https:\/\/deltavipguvenlik.com\/ar\/%d8%a3%d9%85%d9%86-%d9%85%d8%b1%d9%83%d8%b2-%d8%a7%d9%84%d8%a3%d8%b9%d9%85%d8%a7%d9%84-2\/\" tabindex=\"-1\">\u0623\u0645\u0646 \u0645\u0631\u0643\u0632 \u0627\u0644\u0623\u0639\u0645\u0627\u0644<\/a><\/h4><\/div><\/div><\/div><div class=\"col-md-6 col-xl-4 filter-item\"><div class=\"project-card style2 bg-overlay-2\"><div class=\"project-img\"><img decoding=\"async\" src=\"https:\/\/deltavipguvenlik.com\/wp-content\/uploads\/2023\/12\/otel-guvenligi.jpg\" alt=\"\u0635\u0648\u0631\u0629 \u0627\u0644\u0645\u0634\u0631\u0648\u0639\" title=\"\"><\/div><div class=\"project-content\"><h4 class=\"project-title\"><a href=\"https:\/\/deltavipguvenlik.com\/ar\/%d8%a3%d9%85%d9%86-%d8%a7%d9%84%d9%81%d9%86%d8%af%d9%82-2\/\" tabindex=\"-1\">\u0623\u0645\u0646 \u0627\u0644\u0641\u0646\u062f\u0642<\/a><\/h4><\/div><\/div><\/div><\/div>\t\t\t\t<\/div>\n\t\t\t\t<\/div>\n\t\t\t\t\t<\/div>\n\t\t<\/div>\n\t\t\t\t\t<\/div>\n\t\t<\/section>\n\t\t\t\t\t<\/div>\n\t\t<\/div>\n\t\t\t\t\t<\/div>\n\t\t<\/section>\n\t\t\t\t<\/div>","protected":false},"excerpt":{"rendered":"<p>DeltaVip \u062d\u0645\u0627\u064a\u0629 \u0648\u0623\u0645\u0627\u0646 \u0639\u0627\u0644\u064a \u0627\u0644\u0645\u0633\u062a\u0648\u0649 \u064a\u0645\u0643\u0646\u0643 \u0645\u0631\u0627\u062c\u0639\u0629 \u062e\u062f\u0645\u0627\u062a\u0646\u0627 \u0627\u0644\u0623\u0645\u0646\u064a\u0629. \u064a\u0645\u0643\u0646\u0643 \u062a\u062d\u062f\u064a\u062f \u0627\u0644\u062e\u062f\u0645\u0629 \u0627\u0644\u0623\u0643\u062b\u0631 \u0645\u0644\u0627\u0621\u0645\u0629 \u0644\u0643 \u0645\u0646 \u062e\u0644\u0627\u0644 \u0627\u0644\u0627\u0637\u0644\u0627\u0639 \u0639\u0644\u0649 \u062a\u0641\u0627\u0635\u064a\u0644\u0647\u0627 \u0648\u0645\u062d\u062a\u0648\u0627\u0647\u0627. \u064a\u0645\u0643\u0646\u0643 \u0637\u0644\u0628 \u062e\u062f\u0645\u0627\u062a\u0646\u0627 \u0627\u0644\u0623\u0645\u0646\u064a\u0629 \u0623\u0648 \u0627\u0644\u062d\u0635\u0648\u0644 \u0639\u0644\u0649 \u0639\u0631\u0636 \u0623\u0633\u0639\u0627\u0631 \u0623\u0648 \u0637\u0631\u062d \u0623\u064a \u0623\u0633\u0626\u0644\u0629 \u0644\u062f\u064a\u0643 \u0639\u0646 \u0637\u0631\u064a\u0642 \u0627\u0644\u0627\u062a\u0635\u0627\u0644 \u0628\u0646\u0627 \u0639\u0628\u0631 \u0639\u0646\u0627\u0648\u064a\u0646 \u0627\u0644\u0627\u062a\u0635\u0627\u0644 \u0627\u0644\u0645\u0637\u0644\u0648\u0628\u0629. \u0623\u0645\u0646 \u0627\u0644\u0633\u0643\u0646 \u0648\u0627\u0644\u0645\u0648\u0642\u0639\u060c \u0645\u0631\u0643\u0632 \u0627\u0644\u062a\u0633\u0648\u0642\u060c \u0623\u0645\u0646 \u0627\u0644\u0645\u0635\u0627\u0646\u0639\u060c \u0623\u0645\u0646 \u0645\u0648\u0627\u0642\u0639 \u0627\u0644\u0628\u0646\u0627\u0621\u060c \u0623\u0645\u0646 \u0643\u0628\u0627\u0631 \u0627\u0644\u0634\u062e\u0635\u064a\u0627\u062a\u060c \u0627\u0644\u062d\u0645\u0627\u064a\u0629 \u0627\u0644\u0645\u0628\u0627\u0634\u0631\u0629\u060c \u0623\u0645\u0646 \u0627\u0644\u0645\u0633\u062a\u0634\u0641\u064a\u0627\u062a\u060c \u0627\u0644\u062a\u0646\u0638\u064a\u0645 \u0648\u0627\u0644\u0641\u0639\u0627\u0644\u064a\u0627\u062a...<\/p>","protected":false},"author":4,"featured_media":0,"parent":0,"menu_order":0,"comment_status":"closed","ping_status":"closed","template":"template-builder.php","meta":{"footnotes":""},"class_list":["post-2955","page","type-page","status-publish","hentry"],"_links":{"self":[{"href":"https:\/\/deltavipguvenlik.com\/ar\/wp-json\/wp\/v2\/pages\/2955","targetHints":{"allow":["GET"]}}],"collection":[{"href":"https:\/\/deltavipguvenlik.com\/ar\/wp-json\/wp\/v2\/pages"}],"about":[{"href":"https:\/\/deltavipguvenlik.com\/ar\/wp-json\/wp\/v2\/types\/page"}],"author":[{"embeddable":true,"href":"https:\/\/deltavipguvenlik.com\/ar\/wp-json\/wp\/v2\/users\/4"}],"replies":[{"embeddable":true,"href":"https:\/\/deltavipguvenlik.com\/ar\/wp-json\/wp\/v2\/comments?post=2955"}],"version-history":[{"count":3,"href":"https:\/\/deltavipguvenlik.com\/ar\/wp-json\/wp\/v2\/pages\/2955\/revisions"}],"predecessor-version":[{"id":8566,"href":"https:\/\/deltavipguvenlik.com\/ar\/wp-json\/wp\/v2\/pages\/2955\/revisions\/8566"}],"wp:attachment":[{"href":"https:\/\/deltavipguvenlik.com\/ar\/wp-json\/wp\/v2\/media?parent=2955"}],"curies":[{"name":"wp","href":"https:\/\/api.w.org\/{rel}","templated":true}]}}