{"id":1129,"date":"2023-05-16T15:24:52","date_gmt":"2023-05-16T12:24:52","guid":{"rendered":"https:\/\/themeholy.com\/wordpress\/ruffer\/?page_id=1129"},"modified":"2026-04-07T11:12:26","modified_gmt":"2026-04-07T08:12:26","slug":"contact-us","status":"publish","type":"page","link":"https:\/\/deltavipguvenlik.com\/en\/contact-us\/","title":{"rendered":"Contact"},"content":{"rendered":"<div data-elementor-type=\"wp-page\" data-elementor-id=\"1129\" class=\"elementor elementor-1129\">\n\t\t\t\t\t\t<section class=\"elementor-section elementor-top-section elementor-element elementor-element-c9baf63 elementor-section-boxed elementor-section-height-default elementor-section-height-default\" data-id=\"c9baf63\" data-element_type=\"section\">\n\t\t\t\t\t\t<div class=\"elementor-container elementor-column-gap-no\">\n\t\t\t\t\t<div class=\"elementor-column elementor-col-100 elementor-top-column elementor-element elementor-element-37261b9\" data-id=\"37261b9\" data-element_type=\"column\">\n\t\t\t<div class=\"elementor-widget-wrap elementor-element-populated\">\n\t\t\t\t\t\t<section class=\"elementor-section elementor-inner-section elementor-element elementor-element-c683e9b elementor-section-full_width elementor-section-content-top elementor-section-height-default elementor-section-height-default\" data-id=\"c683e9b\" data-element_type=\"section\">\n\t\t\t\t\t\t<div class=\"elementor-container elementor-column-gap-no\">\n\t\t\t\t\t<div class=\"elementor-column elementor-col-50 elementor-inner-column elementor-element elementor-element-aba1a9f\" data-id=\"aba1a9f\" data-element_type=\"column\">\n\t\t\t<div class=\"elementor-widget-wrap elementor-element-populated\">\n\t\t\t\t\t\t<div class=\"elementor-element elementor-element-0aa2b73 elementor-widget elementor-widget-ruffersectiontitle\" data-id=\"0aa2b73\" data-element_type=\"widget\" data-widget_type=\"ruffersectiontitle.default\">\n\t\t\t\t<div class=\"elementor-widget-container\">\n\t\t\t\t\t<div class=\"title-area-wrap\"><div class=\"title-area mb-30\" ><span class=\"sub-title subtitle-selector\">DeltaVip Private Security<\/span><h2 class=\"sec-title title-selector\">Do not decide without getting an offer from us!<\/h2><\/div><p class=\"desc-selector mt-n2 mb-30\">You can use the communication channels on our site to contact DeltaVip Private Security.<\/p><\/div>\t\t\t\t<\/div>\n\t\t\t\t<\/div>\n\t\t\t\t<div class=\"elementor-element elementor-element-ea2e813 elementor-widget elementor-widget-html\" data-id=\"ea2e813\" data-element_type=\"widget\" data-widget_type=\"html.default\">\n\t\t\t\t<div class=\"elementor-widget-container\">\n\t\t\t\t\t<div class=\"elementor-widget-container\">\n\t\t\t<!--==============================Contact Info Area==============================--><div class=\"row justify-content-center gy-30\"><div class=\"col-xl-6 col-lg-4 col-md-6\"><div class=\"contact-feature\"><div class=\"icon-btn\"><i class=\"far fa-envelope\"><\/i><\/div><div class=\"media-body\"><p class=\"contact-feature_label\">E-mail<\/p><a href=\"mailto:info@deltavipguvenlik.com\" class=\"contact-feature_link\">info@deltavipguvenlik.com<\/a><\/div><\/div><\/div><div class=\"col-xl-6 col-lg-4 col-md-6\"><div class=\"contact-feature\"><div class=\"icon-btn\"><i class=\"far fa-phone\"><\/i><\/div><div class=\"media-body\"><p class=\"contact-feature_label\">Telephone<\/p><a href=\"tel:905494336303\" class=\"contact-feature_link\">0549 433 63 03<\/a><a href=\"tel:+902122661070\" class=\"contact-feature_link\">0212 266 10 70<\/a><\/div><\/div><\/div><\/div>\t\t<\/div>\t\t\t\t<\/div>\n\t\t\t\t<\/div>\n\t\t\t\t\t<\/div>\n\t\t<\/div>\n\t\t\t\t<div class=\"elementor-column elementor-col-50 elementor-inner-column elementor-element elementor-element-5235f90\" data-id=\"5235f90\" data-element_type=\"column\" id=\"form\">\n\t\t\t<div class=\"elementor-widget-wrap elementor-element-populated\">\n\t\t\t\t\t\t<div class=\"elementor-element elementor-element-285aada elementor-widget elementor-widget-text-editor\" data-id=\"285aada\" data-element_type=\"widget\" data-widget_type=\"text-editor.default\">\n\t\t\t\t<div class=\"elementor-widget-container\">\n\t\t\t\t\t\t\t\t\t<div class=\"form-uyari\">\n  Bu form yaln\u0131zca teklif taleplerine y\u00f6neliktir. \u0130\u015f ba\u015fvurular\u0131 bu form \u00fczerinden de\u011ferlendirmeye al\u0131nmamaktad\u0131r.\n  \u0130\u015f ba\u015fvurusu yapmak isteyen adaylar\u0131n <a href=\"https:\/\/deltavip.apployerr.com\/is-basvuru\" target=\"_blank\" rel=\"noopener\">i\u015f ba\u015fvuru formunu<\/a> doldurmalar\u0131 rica olunur.\n<\/div>\t\t\t\t\t\t\t\t<\/div>\n\t\t\t\t<\/div>\n\t\t\t\t<div class=\"elementor-element elementor-element-75a1508 elementor-widget elementor-widget-shortcode\" data-id=\"75a1508\" data-element_type=\"widget\" data-widget_type=\"shortcode.default\">\n\t\t\t\t<div class=\"elementor-widget-container\">\n\t\t\t\t\t\t\t<div class=\"elementor-shortcode\">\n<div class=\"wpcf7 no-js\" id=\"wpcf7-f1143-o1\" lang=\"en-US\" dir=\"ltr\" data-wpcf7-id=\"1143\">\n<div class=\"screen-reader-response\"><p role=\"status\" aria-live=\"polite\" aria-atomic=\"true\"><\/p> <ul><\/ul><\/div>\n<form action=\"\/en\/wp-json\/wp\/v2\/pages\/1129#wpcf7-f1143-o1\" method=\"post\" class=\"wpcf7-form init\" aria-label=\"contact form\" novalidate=\"novalidate\" data-status=\"init\" data-trp-original-action=\"\/en\/wp-json\/wp\/v2\/pages\/1129#wpcf7-f1143-o1\">\n<fieldset class=\"hidden-fields-container\"><input type=\"hidden\" name=\"_wpcf7\" value=\"1143\" \/><input type=\"hidden\" name=\"_wpcf7_version\" value=\"6.1.5\" \/><input type=\"hidden\" name=\"_wpcf7_locale\" value=\"en_US\" \/><input type=\"hidden\" name=\"_wpcf7_unit_tag\" value=\"wpcf7-f1143-o1\" \/><input type=\"hidden\" name=\"_wpcf7_container_post\" value=\"0\" \/><input type=\"hidden\" name=\"_wpcf7_posted_data_hash\" value=\"\" \/>\n<\/fieldset>\n<div class=\"th-contact-form bg-smoke\">\n    <div class=\"form-title\">\n        <h3 class=\"blog-inner-title h5\">Quote Request Form<\/h3>\n    <\/div>\n    <div class=\"row\">\n        <div class=\"col-md-6 form-group\">\n            <span class=\"wpcf7-form-control-wrap\" data-name=\"isim\"><input size=\"40\" maxlength=\"400\" class=\"wpcf7-form-control wpcf7-text wpcf7-validates-as-required form-control style-white\" id=\"text-830\" aria-required=\"true\" aria-invalid=\"false\" placeholder=\"Name surname\" value=\"\" type=\"text\" name=\"isim\" \/><\/span>\n        <\/div>\n        <div class=\"col-md-6 form-group\">\n            <span class=\"wpcf7-form-control-wrap\" data-name=\"firma\"><input size=\"40\" maxlength=\"400\" class=\"wpcf7-form-control wpcf7-text form-control style-white\" id=\"firma\" aria-invalid=\"false\" placeholder=\"Company Name\" value=\"\" type=\"text\" name=\"firma\" \/><\/span>\n        <\/div>\n        <div class=\"col-md-6 form-group\">\n            <span class=\"wpcf7-form-control-wrap\" data-name=\"eposta\"><input size=\"40\" maxlength=\"400\" class=\"wpcf7-form-control wpcf7-email wpcf7-validates-as-required wpcf7-text wpcf7-validates-as-email form-control style-white\" id=\"email-994\" aria-required=\"true\" aria-invalid=\"false\" placeholder=\"E-mail\" value=\"\" type=\"email\" name=\"eposta\" \/><\/span>\n        <\/div>\n        <div class=\"col-md-6 form-group\">\n            <span class=\"wpcf7-form-control-wrap\" data-name=\"telefon\"><input size=\"40\" maxlength=\"400\" class=\"wpcf7-form-control wpcf7-tel wpcf7-validates-as-required wpcf7-text wpcf7-validates-as-tel form-control style-white\" aria-required=\"true\" aria-invalid=\"false\" placeholder=\"Telephone\" value=\"\" type=\"tel\" name=\"telefon\" \/><\/span>\n        <\/div>\n        <div class=\"col-md-6 form-group\">\n            <span class=\"wpcf7-form-control-wrap\" data-name=\"sehir\"><input size=\"40\" maxlength=\"400\" class=\"wpcf7-form-control wpcf7-text form-control style-white\" id=\"sehir\" aria-invalid=\"false\" placeholder=\"City\" value=\"\" type=\"text\" name=\"sehir\" \/><\/span>\n        <\/div>\n        <div class=\"col-md-6 form-group\">\n            <span class=\"wpcf7-form-control-wrap\" data-name=\"hizmet\"><input size=\"40\" maxlength=\"400\" class=\"wpcf7-form-control wpcf7-text form-control style-white\" id=\"hizmet\" aria-invalid=\"false\" placeholder=\"Service You Are Interested In\" value=\"\" type=\"text\" name=\"hizmet\" \/><\/span>\n        <\/div>\n        <div class=\"col-12 form-group\">\n            <span class=\"wpcf7-form-control-wrap\" data-name=\"mesaj\"><textarea cols=\"40\" rows=\"10\" maxlength=\"2000\" class=\"wpcf7-form-control wpcf7-textarea form-control style-white\" id=\"textarea-40\" aria-invalid=\"false\" placeholder=\"More information\" name=\"mesaj\"><\/textarea><\/span><br\/>\n        <\/div>\n        <div class=\"col-12 form-group mb-0\">\n              <span class=\"wpcf7-form-control-wrap\" data-name=\"hcap-cf7\">\t\t<input\n\t\t\t\ttype=\"hidden\"\n\t\t\t\tclass=\"hcaptcha-widget-id\"\n\t\t\t\tname=\"hcaptcha-widget-id\"\n\t\t\t\tvalue=\"eyJzb3VyY2UiOlsiY29udGFjdC1mb3JtLTdcL3dwLWNvbnRhY3QtZm9ybS03LnBocCJdLCJmb3JtX2lkIjowfQ==-6b23ec44a6e8f173c7b4e44fa734fafc\">\n\t\t\t\t<span id=\"hcap_cf7-69d7cdb2372de4.59921366\" class=\"wpcf7-form-control h-captcha\"\n\t\t\tdata-sitekey=\"c0cb5470-9f40-4593-836c-d534b5846b38\"\n\t\t\tdata-theme=\"light\"\n\t\t\tdata-size=\"normal\"\n\t\t\tdata-auto=\"false\"\n\t\t\tdata-ajax=\"false\"\n\t\t\tdata-force=\"false\">\n\t\t<\/span>\n\t\t<input type=\"hidden\" id=\"_wpnonce\" name=\"_wpnonce\" value=\"edbd3ea9ff\" \/><input type=\"hidden\" name=\"_wp_http_referer\" value=\"\/en\/wp-json\/wp\/v2\/pages\/1129\" \/><\/span><input class=\"wpcf7-form-control wpcf7-submit has-spinner th-btn\" type=\"submit\" value=\"Submit Request\" \/>\n\n        <\/div>\n    <\/div>\n<\/div><div class=\"wpcf7-response-output\" aria-hidden=\"true\"><\/div>\n<input type=\"hidden\" name=\"trp-form-language\" value=\"en\"\/><\/form>\n<\/div>\n<\/div>\n\t\t\t\t\t\t<\/div>\n\t\t\t\t<\/div>\n\t\t\t\t\t<\/div>\n\t\t<\/div>\n\t\t\t\t\t<\/div>\n\t\t<\/section>\n\t\t\t\t\t<\/div>\n\t\t<\/div>\n\t\t\t\t\t<\/div>\n\t\t<\/section>\n\t\t\t\t<section class=\"elementor-section elementor-top-section elementor-element elementor-element-3d5e8f5 elementor-section-full_width elementor-section-height-default elementor-section-height-default\" data-id=\"3d5e8f5\" data-element_type=\"section\">\n\t\t\t\t\t\t<div class=\"elementor-container elementor-column-gap-no\">\n\t\t\t\t\t<div class=\"elementor-column elementor-col-100 elementor-top-column elementor-element elementor-element-e24275c\" data-id=\"e24275c\" data-element_type=\"column\">\n\t\t\t<div class=\"elementor-widget-wrap elementor-element-populated\">\n\t\t\t\t\t\t<div class=\"elementor-element elementor-element-f72a321 elementor-widget elementor-widget-google_maps\" data-id=\"f72a321\" data-element_type=\"widget\" data-widget_type=\"google_maps.default\">\n\t\t\t\t<div class=\"elementor-widget-container\">\n\t\t\t\t\t\t\t<div class=\"elementor-custom-embed\">\n\t\t\t<iframe loading=\"lazy\"\n\t\t\t\t\tsrc=\"https:\/\/maps.google.com\/maps?q=Mecidiyek%C3%B6y%2C%20Celila%C4%9Fa%20%C4%B0%C5%9F%20Merkezi%2C%20Mecidiyek%C3%B6y%20Yolu%20Cd.%20No%3A%2010%20Kat%207%20%2F%20Daire%2028%2C%2034381%20%C5%9Ei%C5%9Fli%2F%C4%B0stanbul%2C%20T%C3%BCrkiye&#038;t=m&#038;z=15&#038;output=embed&#038;iwloc=near\"\n\t\t\t\t\ttitle=\"Mecidiyek\u00f6y, Celilaga Business Center, Mecidiyek\u00f6y Yolu Cd. No: 10 Kat 7 \/ Flat 28, 34381 \u015ei\u015fli\/Istanbul, Turkey\"\n\t\t\t\t\taria-label=\"Mecidiyek\u00f6y, Celilaga Business Center, Mecidiyek\u00f6y Yolu Cd. No: 10 Kat 7 \/ Flat 28, 34381 \u015ei\u015fli\/Istanbul, Turkey\"\n\t\t\t><\/iframe>\n\t\t<\/div>\n\t\t\t\t\t\t<\/div>\n\t\t\t\t<\/div>\n\t\t\t\t\t<\/div>\n\t\t<\/div>\n\t\t\t\t\t<\/div>\n\t\t<\/section>\n\t\t\t\t<\/div>","protected":false},"excerpt":{"rendered":"<p>DeltaVip Ozel G\u00fcvenlik Bizden Teklif Almadan Karar Vermeyin! DeltaVip \u00d6zel G\u00fcvenlik ile ileti\u015fime ge\u00e7mek i\u00e7in sitemizde bulunan ileti\u015fim kanallar\u0131n\u0131 kullanabilirsiniz. Email info@deltavipguvenlik.com Telefon 0549 433 63 030212 266 10 70 Bu form yaln\u0131zca teklif taleplerine y\u00f6neliktir. \u0130\u015f ba\u015fvurular\u0131 bu form \u00fczerinden de\u011ferlendirmeye al\u0131nmamaktad\u0131r. \u0130\u015f ba\u015fvurusu yapmak isteyen adaylar\u0131n i\u015f ba\u015fvuru formunu doldurmalar\u0131 rica olunur.<\/p>","protected":false},"author":4,"featured_media":0,"parent":0,"menu_order":0,"comment_status":"closed","ping_status":"closed","template":"template-builder.php","meta":{"footnotes":""},"class_list":["post-1129","page","type-page","status-publish","hentry"],"_links":{"self":[{"href":"https:\/\/deltavipguvenlik.com\/en\/wp-json\/wp\/v2\/pages\/1129","targetHints":{"allow":["GET"]}}],"collection":[{"href":"https:\/\/deltavipguvenlik.com\/en\/wp-json\/wp\/v2\/pages"}],"about":[{"href":"https:\/\/deltavipguvenlik.com\/en\/wp-json\/wp\/v2\/types\/page"}],"author":[{"embeddable":true,"href":"https:\/\/deltavipguvenlik.com\/en\/wp-json\/wp\/v2\/users\/4"}],"replies":[{"embeddable":true,"href":"https:\/\/deltavipguvenlik.com\/en\/wp-json\/wp\/v2\/comments?post=1129"}],"version-history":[{"count":6,"href":"https:\/\/deltavipguvenlik.com\/en\/wp-json\/wp\/v2\/pages\/1129\/revisions"}],"predecessor-version":[{"id":9059,"href":"https:\/\/deltavipguvenlik.com\/en\/wp-json\/wp\/v2\/pages\/1129\/revisions\/9059"}],"wp:attachment":[{"href":"https:\/\/deltavipguvenlik.com\/en\/wp-json\/wp\/v2\/media?parent=1129"}],"curies":[{"name":"wp","href":"https:\/\/api.w.org\/{rel}","templated":true}]}}