{"id":2955,"date":"2023-10-25T15:38:03","date_gmt":"2023-10-25T12:38:03","guid":{"rendered":"https:\/\/deltavipguvenlik.com\/?page_id=2955"},"modified":"2025-07-03T18:40:13","modified_gmt":"2025-07-03T15:40:13","slug":"our-security-services","status":"publish","type":"page","link":"https:\/\/deltavipguvenlik.com\/en\/our-security-services\/","title":{"rendered":"Our Security Services"},"content":{"rendered":"<div data-elementor-type=\"wp-page\" data-elementor-id=\"2955\" class=\"elementor elementor-2955\">\n\t\t\t\t\t\t<section class=\"elementor-section elementor-top-section elementor-element elementor-element-4d28360 elementor-section-boxed elementor-section-height-default elementor-section-height-default\" data-id=\"4d28360\" data-element_type=\"section\">\n\t\t\t\t\t\t<div class=\"elementor-container elementor-column-gap-no\">\n\t\t\t\t\t<div class=\"elementor-column elementor-col-100 elementor-top-column elementor-element elementor-element-1126a6a\" data-id=\"1126a6a\" data-element_type=\"column\">\n\t\t\t<div class=\"elementor-widget-wrap elementor-element-populated\">\n\t\t\t\t\t\t<section class=\"elementor-section elementor-inner-section elementor-element elementor-element-3d8f76c elementor-section-full_width elementor-section-height-default elementor-section-height-default\" data-id=\"3d8f76c\" data-element_type=\"section\">\n\t\t\t\t\t\t<div class=\"elementor-container elementor-column-gap-no\">\n\t\t\t\t\t<div class=\"elementor-column elementor-col-100 elementor-inner-column elementor-element elementor-element-921f717\" data-id=\"921f717\" data-element_type=\"column\">\n\t\t\t<div class=\"elementor-widget-wrap elementor-element-populated\">\n\t\t\t\t\t\t<div class=\"elementor-element elementor-element-584095e elementor-widget elementor-widget-ruffersectiontitle\" data-id=\"584095e\" data-element_type=\"widget\" data-widget_type=\"ruffersectiontitle.default\">\n\t\t\t\t<div class=\"elementor-widget-container\">\n\t\t\t\t\t<div class=\"title-area-wrap\"><div class=\"title-area mb-30\" ><span class=\"sub-title subtitle-selector\">DeltaVip<\/span><h2 class=\"sec-title title-selector\">High Level Protection and Security<\/h2><\/div><p class=\"desc-selector mt-n2 mb-30\">Can review our security services. You can decide which service is most suitable for you by looking at its details and content. You can request our security services, get a quote or ask any questions you have by contacting us via the required contact addresses.<\/p><\/div>\t\t\t\t<\/div>\n\t\t\t\t<\/div>\n\t\t\t\t<div class=\"elementor-element elementor-element-1fbdd73 elementor-widget elementor-widget-rufferprojects\" data-id=\"1fbdd73\" data-element_type=\"widget\" data-widget_type=\"rufferprojects.default\">\n\t\t\t\t<div class=\"elementor-widget-container\">\n\t\t\t\t\t<div class=\"row gallery-row gy-4 filter-active\"><div class=\"col-md-6 col-xl-4 filter-item\"><div class=\"project-card style2 bg-overlay-2\"><div class=\"project-img\"><img decoding=\"async\" src=\"https:\/\/deltavipguvenlik.com\/wp-content\/uploads\/2023\/12\/Konut-ve-Site-Guvenligi.jpg\" alt=\"project image\" title=\"\"><\/div><div class=\"project-content\"><h4 class=\"project-title\"><a href=\"https:\/\/deltavipguvenlik.com\/en\/housing-and-site-security\/\" tabindex=\"-1\">Housing &amp; Site Security\n<\/a><\/h4><\/div><\/div><\/div><div class=\"col-md-6 col-xl-4 filter-item\"><div class=\"project-card style2 bg-overlay-2\"><div class=\"project-img\"><img decoding=\"async\" src=\"https:\/\/deltavipguvenlik.com\/wp-content\/uploads\/2023\/12\/avm-guvenligi.jpg\" alt=\"project image\" title=\"\"><\/div><div class=\"project-content\"><h4 class=\"project-title\"><a href=\"https:\/\/deltavipguvenlik.com\/en\/shopping-mall-security-2\/\" tabindex=\"-1\">Shopping Mall Security<\/a><\/h4><\/div><\/div><\/div><div class=\"col-md-6 col-xl-4 filter-item\"><div class=\"project-card style2 bg-overlay-2\"><div class=\"project-img\"><img decoding=\"async\" src=\"https:\/\/deltavipguvenlik.com\/wp-content\/uploads\/2023\/12\/fabrika-guvenligi.jpg\" alt=\"project image\" title=\"\"><\/div><div class=\"project-content\"><h4 class=\"project-title\"><a href=\"https:\/\/deltavipguvenlik.com\/en\/industrial-safety-2\/\" tabindex=\"-1\">Factory Security<\/a><\/h4><\/div><\/div><\/div><div class=\"col-md-6 col-xl-4 filter-item \u015eantiye g\u00fcvenli\u011fi\"><div class=\"project-card style2 bg-overlay-2\"><div class=\"project-img\"><img decoding=\"async\" src=\"https:\/\/deltavipguvenlik.com\/wp-content\/uploads\/2023\/12\/santiye-guvenligi.jpg\" alt=\"project image\" title=\"\"><\/div><div class=\"project-content\"><h4 class=\"project-title\"><a href=\"https:\/\/deltavipguvenlik.com\/en\/site-security\/\" tabindex=\"-1\">Construction Site Security<\/a><\/h4><\/div><\/div><\/div><div class=\"col-md-6 col-xl-4 filter-item\"><div class=\"project-card style2 bg-overlay-2\"><div class=\"project-img\"><img decoding=\"async\" src=\"https:\/\/deltavipguvenlik.com\/wp-content\/uploads\/2023\/12\/VIP-Yakin-Koruma.jpg\" alt=\"project image\" title=\"\"><\/div><div class=\"project-content\"><h4 class=\"project-title\"><a href=\"https:\/\/deltavipguvenlik.com\/en\/vip-close-protection-2\/\" tabindex=\"-1\">VIP Close Protection<\/a><\/h4><\/div><\/div><\/div><div class=\"col-md-6 col-xl-4 filter-item\"><div class=\"project-card style2 bg-overlay-2\"><div class=\"project-img\"><img decoding=\"async\" src=\"https:\/\/deltavipguvenlik.com\/wp-content\/uploads\/2023\/12\/hastane-guvenligi.jpg\" alt=\"project image\" title=\"\"><\/div><div class=\"project-content\"><h4 class=\"project-title\"><a href=\"https:\/\/deltavipguvenlik.com\/en\/hospital-security-2\/\" tabindex=\"-1\">Hospital Security<\/a><\/h4><\/div><\/div><\/div><div class=\"col-md-6 col-xl-4 filter-item\"><div class=\"project-card style2 bg-overlay-2\"><div class=\"project-img\"><img decoding=\"async\" src=\"https:\/\/deltavipguvenlik.com\/wp-content\/uploads\/2023\/12\/Organizasyon-ve-Etkinlik-Guvenligi.jpg\" alt=\"project image\" title=\"\"><\/div><div class=\"project-content\"><h4 class=\"project-title\"><a href=\"https:\/\/deltavipguvenlik.com\/en\/organization-and-event-security\/\" tabindex=\"-1\">Organization and Event Security<\/a><\/h4><\/div><\/div><\/div><div class=\"col-md-6 col-xl-4 filter-item\"><div class=\"project-card style2 bg-overlay-2\"><div class=\"project-img\"><img decoding=\"async\" src=\"https:\/\/deltavipguvenlik.com\/wp-content\/uploads\/2023\/12\/is-merkezi-guvenligi.jpg\" alt=\"project image\" title=\"\"><\/div><div class=\"project-content\"><h4 class=\"project-title\"><a href=\"https:\/\/deltavipguvenlik.com\/en\/business-center-security-2\/\" tabindex=\"-1\">Business Center Security<\/a><\/h4><\/div><\/div><\/div><div class=\"col-md-6 col-xl-4 filter-item\"><div class=\"project-card style2 bg-overlay-2\"><div class=\"project-img\"><img decoding=\"async\" src=\"https:\/\/deltavipguvenlik.com\/wp-content\/uploads\/2023\/12\/otel-guvenligi.jpg\" alt=\"project image\" title=\"\"><\/div><div class=\"project-content\"><h4 class=\"project-title\"><a href=\"https:\/\/deltavipguvenlik.com\/en\/hotel-security-2\/\" tabindex=\"-1\">Hotel Security<\/a><\/h4><\/div><\/div><\/div><\/div>\t\t\t\t<\/div>\n\t\t\t\t<\/div>\n\t\t\t\t\t<\/div>\n\t\t<\/div>\n\t\t\t\t\t<\/div>\n\t\t<\/section>\n\t\t\t\t\t<\/div>\n\t\t<\/div>\n\t\t\t\t\t<\/div>\n\t\t<\/section>\n\t\t\t\t<\/div>","protected":false},"excerpt":{"rendered":"<p>DeltaVip High Level Protection and Security You can review our security services. You can decide which service is most suitable for you by looking at its details and content. You can request our security services, get a quote, or ask any questions you have by contacting us via the required contact addresses. Housing &amp; Site Security Shopping Mall Security Factory Security Construction Site Security VIP Close Protection Hospital Security Organization and Event\u2026<\/p>","protected":false},"author":4,"featured_media":0,"parent":0,"menu_order":0,"comment_status":"closed","ping_status":"closed","template":"template-builder.php","meta":{"footnotes":""},"class_list":["post-2955","page","type-page","status-publish","hentry"],"_links":{"self":[{"href":"https:\/\/deltavipguvenlik.com\/en\/wp-json\/wp\/v2\/pages\/2955","targetHints":{"allow":["GET"]}}],"collection":[{"href":"https:\/\/deltavipguvenlik.com\/en\/wp-json\/wp\/v2\/pages"}],"about":[{"href":"https:\/\/deltavipguvenlik.com\/en\/wp-json\/wp\/v2\/types\/page"}],"author":[{"embeddable":true,"href":"https:\/\/deltavipguvenlik.com\/en\/wp-json\/wp\/v2\/users\/4"}],"replies":[{"embeddable":true,"href":"https:\/\/deltavipguvenlik.com\/en\/wp-json\/wp\/v2\/comments?post=2955"}],"version-history":[{"count":3,"href":"https:\/\/deltavipguvenlik.com\/en\/wp-json\/wp\/v2\/pages\/2955\/revisions"}],"predecessor-version":[{"id":8566,"href":"https:\/\/deltavipguvenlik.com\/en\/wp-json\/wp\/v2\/pages\/2955\/revisions\/8566"}],"wp:attachment":[{"href":"https:\/\/deltavipguvenlik.com\/en\/wp-json\/wp\/v2\/media?parent=2955"}],"curies":[{"name":"wp","href":"https:\/\/api.w.org\/{rel}","templated":true}]}}