{"id":2955,"date":"2023-10-25T15:38:03","date_gmt":"2023-10-25T12:38:03","guid":{"rendered":"https:\/\/deltavipguvenlik.com\/?page_id=2955"},"modified":"2025-07-03T18:40:13","modified_gmt":"2025-07-03T15:40:13","slug":"%d0%bd%d0%b0%d1%88%d0%b8-%d1%81%d0%bb%d1%83%d0%b6%d0%b1%d1%8b-%d0%b1%d0%b5%d0%b7%d0%be%d0%bf%d0%b0%d1%81%d0%bd%d0%be%d1%81%d1%82%d0%b8","status":"publish","type":"page","link":"https:\/\/deltavipguvenlik.com\/ru\/%d0%bd%d0%b0%d1%88%d0%b8-%d1%81%d0%bb%d1%83%d0%b6%d0%b1%d1%8b-%d0%b1%d0%b5%d0%b7%d0%be%d0%bf%d0%b0%d1%81%d0%bd%d0%be%d1%81%d1%82%d0%b8\/","title":{"rendered":"\u041d\u0430\u0448\u0438 \u0443\u0441\u043b\u0443\u0433\u0438 \u0431\u0435\u0437\u043e\u043f\u0430\u0441\u043d\u043e\u0441\u0442\u0438"},"content":{"rendered":"<div data-elementor-type=\"wp-page\" data-elementor-id=\"2955\" class=\"elementor elementor-2955\">\n\t\t\t\t\t\t<section class=\"elementor-section elementor-top-section elementor-element elementor-element-4d28360 elementor-section-boxed elementor-section-height-default elementor-section-height-default\" data-id=\"4d28360\" data-element_type=\"section\">\n\t\t\t\t\t\t<div class=\"elementor-container elementor-column-gap-no\">\n\t\t\t\t\t<div class=\"elementor-column elementor-col-100 elementor-top-column elementor-element elementor-element-1126a6a\" data-id=\"1126a6a\" data-element_type=\"column\">\n\t\t\t<div class=\"elementor-widget-wrap elementor-element-populated\">\n\t\t\t\t\t\t<section class=\"elementor-section elementor-inner-section elementor-element elementor-element-3d8f76c elementor-section-full_width elementor-section-height-default elementor-section-height-default\" data-id=\"3d8f76c\" data-element_type=\"section\">\n\t\t\t\t\t\t<div class=\"elementor-container elementor-column-gap-no\">\n\t\t\t\t\t<div class=\"elementor-column elementor-col-100 elementor-inner-column elementor-element elementor-element-921f717\" data-id=\"921f717\" data-element_type=\"column\">\n\t\t\t<div class=\"elementor-widget-wrap elementor-element-populated\">\n\t\t\t\t\t\t<div class=\"elementor-element elementor-element-584095e elementor-widget elementor-widget-ruffersectiontitle\" data-id=\"584095e\" data-element_type=\"widget\" data-widget_type=\"ruffersectiontitle.default\">\n\t\t\t\t<div class=\"elementor-widget-container\">\n\t\t\t\t\t<div class=\"title-area-wrap\"><div class=\"title-area mb-30\" ><span class=\"sub-title subtitle-selector\">\u0414\u0435\u043b\u044c\u0442\u0430\u0412\u0438\u043f<\/span><h2 class=\"sec-title title-selector\">\u0412\u044b\u0441\u043e\u043a\u0438\u0439 \u0443\u0440\u043e\u0432\u0435\u043d\u044c \u0437\u0430\u0449\u0438\u0442\u044b \u0438 \u0431\u0435\u0437\u043e\u043f\u0430\u0441\u043d\u043e\u0441\u0442\u0438<\/h2><\/div><p class=\"desc-selector mt-n2 mb-30\">\u041c\u043e\u0436\u0435\u0442\u0435 \u043f\u0440\u043e\u0441\u043c\u043e\u0442\u0440\u0435\u0442\u044c \u043d\u0430\u0448\u0438 \u0441\u043b\u0443\u0436\u0431\u044b \u0431\u0435\u0437\u043e\u043f\u0430\u0441\u043d\u043e\u0441\u0442\u0438. \u0412\u044b \u043c\u043e\u0436\u0435\u0442\u0435 \u0440\u0435\u0448\u0438\u0442\u044c, \u043a\u0430\u043a\u0430\u044f \u0443\u0441\u043b\u0443\u0433\u0430 \u0432\u0430\u043c \u043d\u0430\u0438\u0431\u043e\u043b\u0435\u0435 \u043f\u043e\u0434\u0445\u043e\u0434\u0438\u0442, \u0438\u0437\u0443\u0447\u0438\u0432 \u0435\u0435 \u0434\u0435\u0442\u0430\u043b\u0438 \u0438 \u0441\u043e\u0434\u0435\u0440\u0436\u0430\u043d\u0438\u0435. \u0412\u044b \u043c\u043e\u0436\u0435\u0442\u0435 \u0437\u0430\u043f\u0440\u043e\u0441\u0438\u0442\u044c \u043d\u0430\u0448\u0438 \u0443\u0441\u043b\u0443\u0433\u0438 \u0431\u0435\u0437\u043e\u043f\u0430\u0441\u043d\u043e\u0441\u0442\u0438, \u043f\u043e\u043b\u0443\u0447\u0438\u0442\u044c \u0446\u0435\u043d\u043e\u0432\u043e\u0435 \u043f\u0440\u0435\u0434\u043b\u043e\u0436\u0435\u043d\u0438\u0435 \u0438\u043b\u0438 \u0437\u0430\u0434\u0430\u0442\u044c \u043b\u044e\u0431\u044b\u0435 \u0432\u043e\u043f\u0440\u043e\u0441\u044b, \u0441\u0432\u044f\u0437\u0430\u0432\u0448\u0438\u0441\u044c \u0441 \u043d\u0430\u043c\u0438 \u043f\u043e \u043d\u0435\u043e\u0431\u0445\u043e\u0434\u0438\u043c\u044b\u043c \u043a\u043e\u043d\u0442\u0430\u043a\u0442\u043d\u044b\u043c \u0430\u0434\u0440\u0435\u0441\u0430\u043c.<\/p><\/div>\t\t\t\t<\/div>\n\t\t\t\t<\/div>\n\t\t\t\t<div class=\"elementor-element elementor-element-1fbdd73 elementor-widget elementor-widget-rufferprojects\" data-id=\"1fbdd73\" data-element_type=\"widget\" data-widget_type=\"rufferprojects.default\">\n\t\t\t\t<div class=\"elementor-widget-container\">\n\t\t\t\t\t<div class=\"row gallery-row gy-4 filter-active\"><div class=\"col-md-6 col-xl-4 filter-item\"><div class=\"project-card style2 bg-overlay-2\"><div class=\"project-img\"><img decoding=\"async\" src=\"https:\/\/deltavipguvenlik.com\/wp-content\/uploads\/2023\/12\/Konut-ve-Site-Guvenligi.jpg\" alt=\"\u0438\u0437\u043e\u0431\u0440\u0430\u0436\u0435\u043d\u0438\u0435 \u043f\u0440\u043e\u0435\u043a\u0442\u0430\" title=\"\"><\/div><div class=\"project-content\"><h4 class=\"project-title\"><a href=\"https:\/\/deltavipguvenlik.com\/ru\/%d0%be%d1%85%d1%80%d0%b0%d0%bd%d0%b0-%d0%b6%d0%b8%d0%bb%d1%8c%d1%8f-%d0%b8-%d1%82%d0%b5%d1%80%d1%80%d0%b8%d1%82%d0%be%d1%80%d0%b8%d0%b8\/\" tabindex=\"-1\">\u0411\u0435\u0437\u043e\u043f\u0430\u0441\u043d\u043e\u0441\u0442\u044c \u0436\u0438\u043b\u044c\u044f \u0438 \u043e\u0431\u044a\u0435\u043a\u0442\u043e\u0432\n<\/a><\/h4><\/div><\/div><\/div><div class=\"col-md-6 col-xl-4 filter-item\"><div class=\"project-card style2 bg-overlay-2\"><div class=\"project-img\"><img decoding=\"async\" src=\"https:\/\/deltavipguvenlik.com\/wp-content\/uploads\/2023\/12\/avm-guvenligi.jpg\" alt=\"\u0438\u0437\u043e\u0431\u0440\u0430\u0436\u0435\u043d\u0438\u0435 \u043f\u0440\u043e\u0435\u043a\u0442\u0430\" title=\"\"><\/div><div class=\"project-content\"><h4 class=\"project-title\"><a href=\"https:\/\/deltavipguvenlik.com\/ru\/%d0%be%d1%85%d1%80%d0%b0%d0%bd%d0%b0-%d1%82%d0%be%d1%80%d0%b3%d0%be%d0%b2%d0%be%d0%b3%d0%be-%d1%86%d0%b5%d0%bd%d1%82%d1%80%d0%b0-2\/\" tabindex=\"-1\">\u0411\u0435\u0437\u043e\u043f\u0430\u0441\u043d\u043e\u0441\u0442\u044c \u0442\u043e\u0440\u0433\u043e\u0432\u043e\u0433\u043e \u0446\u0435\u043d\u0442\u0440\u0430<\/a><\/h4><\/div><\/div><\/div><div class=\"col-md-6 col-xl-4 filter-item\"><div class=\"project-card style2 bg-overlay-2\"><div class=\"project-img\"><img decoding=\"async\" src=\"https:\/\/deltavipguvenlik.com\/wp-content\/uploads\/2023\/12\/fabrika-guvenligi.jpg\" alt=\"\u0438\u0437\u043e\u0431\u0440\u0430\u0436\u0435\u043d\u0438\u0435 \u043f\u0440\u043e\u0435\u043a\u0442\u0430\" title=\"\"><\/div><div class=\"project-content\"><h4 class=\"project-title\"><a href=\"https:\/\/deltavipguvenlik.com\/ru\/%d0%bf%d1%80%d0%be%d0%bc%d1%8b%d1%88%d0%bb%d0%b5%d0%bd%d0%bd%d0%b0%d1%8f-%d0%b1%d0%b5%d0%b7%d0%be%d0%bf%d0%b0%d1%81%d0%bd%d0%be%d1%81%d1%82%d1%8c-2\/\" tabindex=\"-1\">\u0417\u0430\u0432\u043e\u0434\u0441\u043a\u0430\u044f \u0431\u0435\u0437\u043e\u043f\u0430\u0441\u043d\u043e\u0441\u0442\u044c<\/a><\/h4><\/div><\/div><\/div><div class=\"col-md-6 col-xl-4 filter-item \u015eantiye g\u00fcvenli\u011fi\"><div class=\"project-card style2 bg-overlay-2\"><div class=\"project-img\"><img decoding=\"async\" src=\"https:\/\/deltavipguvenlik.com\/wp-content\/uploads\/2023\/12\/santiye-guvenligi.jpg\" alt=\"\u0438\u0437\u043e\u0431\u0440\u0430\u0436\u0435\u043d\u0438\u0435 \u043f\u0440\u043e\u0435\u043a\u0442\u0430\" title=\"\"><\/div><div class=\"project-content\"><h4 class=\"project-title\"><a href=\"https:\/\/deltavipguvenlik.com\/ru\/%d0%b1%d0%b5%d0%b7%d0%be%d0%bf%d0%b0%d1%81%d0%bd%d0%be%d1%81%d1%82%d1%8c-%d1%81%d0%b0%d0%b9%d1%82%d0%b0\/\" tabindex=\"-1\">\u0411\u0435\u0437\u043e\u043f\u0430\u0441\u043d\u043e\u0441\u0442\u044c \u0441\u0442\u0440\u043e\u0438\u0442\u0435\u043b\u044c\u043d\u043e\u0439 \u043f\u043b\u043e\u0449\u0430\u0434\u043a\u0438<\/a><\/h4><\/div><\/div><\/div><div class=\"col-md-6 col-xl-4 filter-item\"><div class=\"project-card style2 bg-overlay-2\"><div class=\"project-img\"><img decoding=\"async\" src=\"https:\/\/deltavipguvenlik.com\/wp-content\/uploads\/2023\/12\/VIP-Yakin-Koruma.jpg\" alt=\"\u0438\u0437\u043e\u0431\u0440\u0430\u0436\u0435\u043d\u0438\u0435 \u043f\u0440\u043e\u0435\u043a\u0442\u0430\" title=\"\"><\/div><div class=\"project-content\"><h4 class=\"project-title\"><a href=\"https:\/\/deltavipguvenlik.com\/ru\/vip-%d0%bb%d0%b8%d1%87%d0%bd%d0%b0%d1%8f-%d0%be%d1%85%d1%80%d0%b0%d0%bd%d0%b0-2\/\" tabindex=\"-1\">VIP \u043b\u0438\u0447\u043d\u0430\u044f \u043e\u0445\u0440\u0430\u043d\u0430<\/a><\/h4><\/div><\/div><\/div><div class=\"col-md-6 col-xl-4 filter-item\"><div class=\"project-card style2 bg-overlay-2\"><div class=\"project-img\"><img decoding=\"async\" src=\"https:\/\/deltavipguvenlik.com\/wp-content\/uploads\/2023\/12\/hastane-guvenligi.jpg\" alt=\"\u0438\u0437\u043e\u0431\u0440\u0430\u0436\u0435\u043d\u0438\u0435 \u043f\u0440\u043e\u0435\u043a\u0442\u0430\" title=\"\"><\/div><div class=\"project-content\"><h4 class=\"project-title\"><a href=\"https:\/\/deltavipguvenlik.com\/ru\/%d0%b1%d0%b5%d0%b7%d0%be%d0%bf%d0%b0%d1%81%d0%bd%d0%be%d1%81%d1%82%d1%8c-%d0%b1%d0%be%d0%bb%d1%8c%d0%bd%d0%b8%d1%86%d1%8b-2\/\" tabindex=\"-1\">\u0411\u043e\u043b\u044c\u043d\u0438\u0447\u043d\u0430\u044f \u0431\u0435\u0437\u043e\u043f\u0430\u0441\u043d\u043e\u0441\u0442\u044c<\/a><\/h4><\/div><\/div><\/div><div class=\"col-md-6 col-xl-4 filter-item\"><div class=\"project-card style2 bg-overlay-2\"><div class=\"project-img\"><img decoding=\"async\" src=\"https:\/\/deltavipguvenlik.com\/wp-content\/uploads\/2023\/12\/Organizasyon-ve-Etkinlik-Guvenligi.jpg\" alt=\"\u0438\u0437\u043e\u0431\u0440\u0430\u0436\u0435\u043d\u0438\u0435 \u043f\u0440\u043e\u0435\u043a\u0442\u0430\" title=\"\"><\/div><div class=\"project-content\"><h4 class=\"project-title\"><a href=\"https:\/\/deltavipguvenlik.com\/ru\/%d0%be%d1%80%d0%b3%d0%b0%d0%bd%d0%b8%d0%b7%d0%b0%d1%86%d0%b8%d1%8f-%d0%b8-%d0%be%d1%85%d1%80%d0%b0%d0%bd%d0%b0-%d0%bc%d0%b5%d1%80%d0%be%d0%bf%d1%80%d0%b8%d1%8f%d1%82%d0%b8%d0%b9\/\" tabindex=\"-1\">\u0411\u0435\u0437\u043e\u043f\u0430\u0441\u043d\u043e\u0441\u0442\u044c \u043e\u0440\u0433\u0430\u043d\u0438\u0437\u0430\u0446\u0438\u0438 \u0438 \u043c\u0435\u0440\u043e\u043f\u0440\u0438\u044f\u0442\u0438\u0439<\/a><\/h4><\/div><\/div><\/div><div class=\"col-md-6 col-xl-4 filter-item\"><div class=\"project-card style2 bg-overlay-2\"><div class=\"project-img\"><img decoding=\"async\" src=\"https:\/\/deltavipguvenlik.com\/wp-content\/uploads\/2023\/12\/is-merkezi-guvenligi.jpg\" alt=\"\u0438\u0437\u043e\u0431\u0440\u0430\u0436\u0435\u043d\u0438\u0435 \u043f\u0440\u043e\u0435\u043a\u0442\u0430\" title=\"\"><\/div><div class=\"project-content\"><h4 class=\"project-title\"><a href=\"https:\/\/deltavipguvenlik.com\/ru\/%d0%be%d1%85%d1%80%d0%b0%d0%bd%d0%b0-%d0%b1%d0%b8%d0%b7%d0%bd%d0%b5%d1%81-%d1%86%d0%b5%d0%bd%d1%82%d1%80%d0%b0-2\/\" tabindex=\"-1\">\u0411\u0435\u0437\u043e\u043f\u0430\u0441\u043d\u043e\u0441\u0442\u044c \u0431\u0438\u0437\u043d\u0435\u0441-\u0446\u0435\u043d\u0442\u0440\u0430<\/a><\/h4><\/div><\/div><\/div><div class=\"col-md-6 col-xl-4 filter-item\"><div class=\"project-card style2 bg-overlay-2\"><div class=\"project-img\"><img decoding=\"async\" src=\"https:\/\/deltavipguvenlik.com\/wp-content\/uploads\/2023\/12\/otel-guvenligi.jpg\" alt=\"\u0438\u0437\u043e\u0431\u0440\u0430\u0436\u0435\u043d\u0438\u0435 \u043f\u0440\u043e\u0435\u043a\u0442\u0430\" title=\"\"><\/div><div class=\"project-content\"><h4 class=\"project-title\"><a href=\"https:\/\/deltavipguvenlik.com\/ru\/%d0%be%d1%85%d1%80%d0%b0%d0%bd%d0%b0-%d0%be%d1%82%d0%b5%d0%bb%d1%8f-2\/\" tabindex=\"-1\">\u0411\u0435\u0437\u043e\u043f\u0430\u0441\u043d\u043e\u0441\u0442\u044c \u043e\u0442\u0435\u043b\u044f<\/a><\/h4><\/div><\/div><\/div><\/div>\t\t\t\t<\/div>\n\t\t\t\t<\/div>\n\t\t\t\t\t<\/div>\n\t\t<\/div>\n\t\t\t\t\t<\/div>\n\t\t<\/section>\n\t\t\t\t\t<\/div>\n\t\t<\/div>\n\t\t\t\t\t<\/div>\n\t\t<\/section>\n\t\t\t\t<\/div>","protected":false},"excerpt":{"rendered":"<p>\u0412\u044b\u0441\u043e\u043a\u0438\u0439 \u0443\u0440\u043e\u0432\u0435\u043d\u044c \u0437\u0430\u0449\u0438\u0442\u044b \u0438 \u0431\u0435\u0437\u043e\u043f\u0430\u0441\u043d\u043e\u0441\u0442\u0438 DeltaVip. \u0412\u044b \u043c\u043e\u0436\u0435\u0442\u0435 \u043e\u0437\u043d\u0430\u043a\u043e\u043c\u0438\u0442\u044c\u0441\u044f \u0441 \u043d\u0430\u0448\u0438\u043c\u0438 \u0443\u0441\u043b\u0443\u0433\u0430\u043c\u0438 \u0431\u0435\u0437\u043e\u043f\u0430\u0441\u043d\u043e\u0441\u0442\u0438. \u0412\u044b \u043c\u043e\u0436\u0435\u0442\u0435 \u0440\u0435\u0448\u0438\u0442\u044c, \u043a\u0430\u043a\u0430\u044f \u0443\u0441\u043b\u0443\u0433\u0430 \u0432\u0430\u043c \u043d\u0430\u0438\u0431\u043e\u043b\u0435\u0435 \u043f\u043e\u0434\u0445\u043e\u0434\u0438\u0442, \u0438\u0437\u0443\u0447\u0438\u0432 \u0435\u0435 \u0434\u0435\u0442\u0430\u043b\u0438 \u0438 \u0441\u043e\u0434\u0435\u0440\u0436\u0430\u043d\u0438\u0435. \u0412\u044b \u043c\u043e\u0436\u0435\u0442\u0435 \u0437\u0430\u043f\u0440\u043e\u0441\u0438\u0442\u044c \u043d\u0430\u0448\u0438 \u0443\u0441\u043b\u0443\u0433\u0438 \u0431\u0435\u0437\u043e\u043f\u0430\u0441\u043d\u043e\u0441\u0442\u0438, \u043f\u043e\u043b\u0443\u0447\u0438\u0442\u044c \u0446\u0435\u043d\u043e\u0432\u043e\u0435 \u043f\u0440\u0435\u0434\u043b\u043e\u0436\u0435\u043d\u0438\u0435 \u0438\u043b\u0438 \u0437\u0430\u0434\u0430\u0442\u044c \u043b\u044e\u0431\u044b\u0435 \u0432\u043e\u043f\u0440\u043e\u0441\u044b, \u0441\u0432\u044f\u0437\u0430\u0432\u0448\u0438\u0441\u044c \u0441 \u043d\u0430\u043c\u0438 \u043f\u043e \u043d\u0435\u043e\u0431\u0445\u043e\u0434\u0438\u043c\u044b\u043c \u043a\u043e\u043d\u0442\u0430\u043a\u0442\u043d\u044b\u043c \u0430\u0434\u0440\u0435\u0441\u0430\u043c. \u0411\u0435\u0437\u043e\u043f\u0430\u0441\u043d\u043e\u0441\u0442\u044c \u0436\u0438\u043b\u044c\u044f \u0438 \u043e\u0431\u044a\u0435\u043a\u0442\u043e\u0432. \u0411\u0435\u0437\u043e\u043f\u0430\u0441\u043d\u043e\u0441\u0442\u044c \u0442\u043e\u0440\u0433\u043e\u0432\u044b\u0445 \u0446\u0435\u043d\u0442\u0440\u043e\u0432. \u0411\u0435\u0437\u043e\u043f\u0430\u0441\u043d\u043e\u0441\u0442\u044c \u0437\u0430\u0432\u043e\u0434\u043e\u0432. \u0411\u0435\u0437\u043e\u043f\u0430\u0441\u043d\u043e\u0441\u0442\u044c \u0441\u0442\u0440\u043e\u0438\u0442\u0435\u043b\u044c\u043d\u044b\u0445 \u043f\u043b\u043e\u0449\u0430\u0434\u043e\u043a. \u041b\u0438\u0447\u043d\u0430\u044f VIP-\u043e\u0445\u0440\u0430\u043d\u0430. \u0411\u0435\u0437\u043e\u043f\u0430\u0441\u043d\u043e\u0441\u0442\u044c \u0431\u043e\u043b\u044c\u043d\u0438\u0446. \u041e\u0440\u0433\u0430\u043d\u0438\u0437\u0430\u0446\u0438\u044f \u0438 \u043c\u0435\u0440\u043e\u043f\u0440\u0438\u044f\u0442\u0438\u044f\u2026<\/p>","protected":false},"author":4,"featured_media":0,"parent":0,"menu_order":0,"comment_status":"closed","ping_status":"closed","template":"template-builder.php","meta":{"footnotes":""},"class_list":["post-2955","page","type-page","status-publish","hentry"],"_links":{"self":[{"href":"https:\/\/deltavipguvenlik.com\/ru\/wp-json\/wp\/v2\/pages\/2955","targetHints":{"allow":["GET"]}}],"collection":[{"href":"https:\/\/deltavipguvenlik.com\/ru\/wp-json\/wp\/v2\/pages"}],"about":[{"href":"https:\/\/deltavipguvenlik.com\/ru\/wp-json\/wp\/v2\/types\/page"}],"author":[{"embeddable":true,"href":"https:\/\/deltavipguvenlik.com\/ru\/wp-json\/wp\/v2\/users\/4"}],"replies":[{"embeddable":true,"href":"https:\/\/deltavipguvenlik.com\/ru\/wp-json\/wp\/v2\/comments?post=2955"}],"version-history":[{"count":3,"href":"https:\/\/deltavipguvenlik.com\/ru\/wp-json\/wp\/v2\/pages\/2955\/revisions"}],"predecessor-version":[{"id":8566,"href":"https:\/\/deltavipguvenlik.com\/ru\/wp-json\/wp\/v2\/pages\/2955\/revisions\/8566"}],"wp:attachment":[{"href":"https:\/\/deltavipguvenlik.com\/ru\/wp-json\/wp\/v2\/media?parent=2955"}],"curies":[{"name":"wp","href":"https:\/\/api.w.org\/{rel}","templated":true}]}}