{"id":2974,"date":"2023-10-25T15:42:20","date_gmt":"2023-10-25T12:42:20","guid":{"rendered":"https:\/\/deltavipguvenlik.com\/?page_id=2974"},"modified":"2025-07-03T18:40:28","modified_gmt":"2025-07-03T15:40:28","slug":"%d0%b7%d0%b0%d1%8f%d0%b2%d0%ba%d0%b0-%d0%bd%d0%b0-%d1%80%d0%b0%d0%b1%d0%be%d1%82%d1%83","status":"publish","type":"page","link":"https:\/\/deltavipguvenlik.com\/ru\/%d0%b7%d0%b0%d1%8f%d0%b2%d0%ba%d0%b0-%d0%bd%d0%b0-%d1%80%d0%b0%d0%b1%d0%be%d1%82%d1%83\/","title":{"rendered":"\u0437\u0430\u044f\u0432\u043a\u0430 \u043d\u0430 \u0440\u0430\u0431\u043e\u0442\u0443"},"content":{"rendered":"<div data-elementor-type=\"wp-page\" data-elementor-id=\"2974\" class=\"elementor elementor-2974\">\n\t\t\t\t\t\t<section class=\"elementor-section elementor-top-section elementor-element elementor-element-8da0aef slidealti elementor-section-boxed elementor-section-height-default elementor-section-height-default\" data-id=\"8da0aef\" data-element_type=\"section\">\n\t\t\t\t\t\t<div class=\"elementor-container elementor-column-gap-no\">\n\t\t\t\t\t<div class=\"elementor-column elementor-col-100 elementor-top-column elementor-element elementor-element-dbb8e84\" data-id=\"dbb8e84\" data-element_type=\"column\">\n\t\t\t<div class=\"elementor-widget-wrap elementor-element-populated\">\n\t\t\t\t\t\t<section class=\"elementor-section elementor-inner-section elementor-element elementor-element-97746f8 elementor-section-full_width elementor-section-height-default elementor-section-height-default\" data-id=\"97746f8\" data-element_type=\"section\">\n\t\t\t\t\t\t<div class=\"elementor-container elementor-column-gap-no\">\n\t\t\t\t\t<div class=\"elementor-column elementor-col-50 elementor-inner-column elementor-element elementor-element-eadbb14\" data-id=\"eadbb14\" data-element_type=\"column\">\n\t\t\t<div class=\"elementor-widget-wrap elementor-element-populated\">\n\t\t\t\t\t\t<div class=\"elementor-element elementor-element-6fc20c2 elementor-widget elementor-widget-ruffergroupimage\" data-id=\"6fc20c2\" data-element_type=\"widget\" data-widget_type=\"ruffergroupimage.default\">\n\t\t\t\t<div class=\"elementor-widget-container\">\n\t\t\t\t\t<div class=\"img-box2 pb-50\"><div class=\"img1\"><img decoding=\"async\" class=\"tilt-active\" src=\"https:\/\/deltavipguvenlik.com\/wp-content\/uploads\/2023\/10\/delta-ozel-guvenlik.jpg\" alt=\"\u041e\" title=\"\"><\/div><div class=\"img3\"><img decoding=\"async\" class=\"tilt-active\" src=\"https:\/\/deltavipguvenlik.com\/wp-content\/uploads\/2023\/10\/vip-koruma-1.jpg\" alt=\"\u041e\" title=\"\"><\/div><div class=\"shape1 shape-mockup jump\" data-bottom=\"0\" data-left=\"0\"><img decoding=\"async\" src=\"https:\/\/themeholy.com\/wordpress\/ruffer\/wp-content\/uploads\/2023\/05\/about_2_1shape.png\" alt=\"\u041e\" title=\"\"><\/div><\/div>\t\t\t\t<\/div>\n\t\t\t\t<\/div>\n\t\t\t\t\t<\/div>\n\t\t<\/div>\n\t\t\t\t<div class=\"elementor-column elementor-col-50 elementor-inner-column elementor-element elementor-element-27de3d4\" data-id=\"27de3d4\" data-element_type=\"column\">\n\t\t\t<div class=\"elementor-widget-wrap elementor-element-populated\">\n\t\t\t\t\t\t<div class=\"elementor-element elementor-element-a4b365d elementor-widget elementor-widget-ruffersectiontitle\" data-id=\"a4b365d\" data-element_type=\"widget\" data-widget_type=\"ruffersectiontitle.default\">\n\t\t\t\t<div class=\"elementor-widget-container\">\n\t\t\t\t\t<div class=\"title-area-wrap\"><div class=\"title-area mb-30\" ><span class=\"sub-title subtitle-selector\">\u041f\u043e\u0447\u0435\u043c\u0443 Deltavip Security<\/span><h2 class=\"sec-title title-selector\">\u0425\u043e\u0442\u0438\u0442\u0435 \u0440\u0430\u0431\u043e\u0442\u0430\u0442\u044c \u0441 \u043d\u0430\u043c\u0438?<\/h2><\/div><p class=\"desc-selector mt-n2 mb-30\">Deltavip Security \u0433\u043e\u0440\u0434\u0438\u0442\u0441\u044f \u0442\u0435\u043c, \u0447\u0442\u043e \u0432\u0445\u043e\u0434\u0438\u0442 \u0432 \u0447\u0438\u0441\u043b\u043e \u0432\u0435\u0434\u0443\u0449\u0438\u0445 \u043a\u043e\u043c\u043f\u0430\u043d\u0438\u0439 \u0432 \u0441\u0432\u043e\u0435\u043c \u0441\u0435\u043a\u0442\u043e\u0440\u0435 \u0441 \u0431\u043e\u043b\u0435\u0435 \u0447\u0435\u043c 25-\u043b\u0435\u0442\u043d\u0438\u043c \u043e\u043f\u044b\u0442\u043e\u043c \u0440\u0430\u0431\u043e\u0442\u044b. \u0415\u0441\u043b\u0438 \u0432\u044b \u0445\u043e\u0442\u0438\u0442\u0435 \u0441\u0442\u0430\u0442\u044c \u0447\u0430\u0441\u0442\u044c\u044e \u044d\u0442\u043e\u0439 \u0433\u043e\u0440\u0434\u043e\u0441\u0442\u0438 \u0438 \u0440\u0430\u0431\u043e\u0442\u0430\u0442\u044c \u0441 \u043d\u0430\u043c\u0438, \u0432\u044b \u043c\u043e\u0436\u0435\u0442\u0435 \u043e\u0442\u043f\u0440\u0430\u0432\u0438\u0442\u044c \u043d\u0430\u043c \u044d\u043b\u0435\u043a\u0442\u0440\u043e\u043d\u043d\u043e\u0435 \u043f\u0438\u0441\u044c\u043c\u043e, \u043d\u0430\u0436\u0430\u0432 \u043a\u043d\u043e\u043f\u043a\u0443 \u043d\u0438\u0436\u0435.<\/p><\/div>\t\t\t\t<\/div>\n\t\t\t\t<\/div>\n\t\t\t\t<div class=\"elementor-element elementor-element-52d7cd5 elementor-widget__width-auto elementor-widget-mobile__width-inherit elementor-widget elementor-widget-rufferbutton\" data-id=\"52d7cd5\" data-element_type=\"widget\" data-widget_type=\"rufferbutton.default\">\n\t\t\t\t<div class=\"elementor-widget-container\">\n\t\t\t\t\t<!-- Button --><div class=\"btn-wrapper\"><a class=\"th-btn style2\" href=\"mailto:info@deltavipguvenlik.com\">\u0444\u043e\u0440\u043c\u0430 \u0437\u0430\u044f\u0432\u043b\u0435\u043d\u0438\u044f \u043e \u043f\u0440\u0438\u0435\u043c\u0435 \u043d\u0430 \u0440\u0430\u0431\u043e\u0442\u0443<i class=\"fa-regular fa-arrow-right ms-2\"><\/i><\/a><\/div><!-- End Button -->\t\t\t\t<\/div>\n\t\t\t\t<\/div>\n\t\t\t\t\t<\/div>\n\t\t<\/div>\n\t\t\t\t\t<\/div>\n\t\t<\/section>\n\t\t\t\t\t<\/div>\n\t\t<\/div>\n\t\t\t\t\t<\/div>\n\t\t<\/section>\n\t\t\t\t<\/div>","protected":false},"excerpt":{"rendered":"<p>Neden Deltavip G\u00fcvenlik Bizimle \u00c7al\u0131\u015fmak \u0130ster Misiniz? Deltavip G\u00fcvenlik 25 Y\u0131l\u0131 a\u015fk\u0131n tecr\u00fcbesiyle sekt\u00f6r\u00fcnde \u00f6nc\u00fc firmalar aras\u0131nda yer almay\u0131 ba\u015farman\u0131n gururunu ya\u015famaktad\u0131r. Sizlerde bu gururun bir par\u00e7as\u0131 olmak ve bizimle \u00e7al\u0131\u015fmak isterseniz a\u015fa\u011f\u0131da bulunan butona t\u0131klayarak bize mail atabilirsiniz. i\u015f ba\u015fvuru formu<\/p>","protected":false},"author":4,"featured_media":0,"parent":0,"menu_order":0,"comment_status":"closed","ping_status":"closed","template":"template-builder.php","meta":{"footnotes":""},"class_list":["post-2974","page","type-page","status-publish","hentry"],"_links":{"self":[{"href":"https:\/\/deltavipguvenlik.com\/ru\/wp-json\/wp\/v2\/pages\/2974","targetHints":{"allow":["GET"]}}],"collection":[{"href":"https:\/\/deltavipguvenlik.com\/ru\/wp-json\/wp\/v2\/pages"}],"about":[{"href":"https:\/\/deltavipguvenlik.com\/ru\/wp-json\/wp\/v2\/types\/page"}],"author":[{"embeddable":true,"href":"https:\/\/deltavipguvenlik.com\/ru\/wp-json\/wp\/v2\/users\/4"}],"replies":[{"embeddable":true,"href":"https:\/\/deltavipguvenlik.com\/ru\/wp-json\/wp\/v2\/comments?post=2974"}],"version-history":[{"count":3,"href":"https:\/\/deltavipguvenlik.com\/ru\/wp-json\/wp\/v2\/pages\/2974\/revisions"}],"predecessor-version":[{"id":8586,"href":"https:\/\/deltavipguvenlik.com\/ru\/wp-json\/wp\/v2\/pages\/2974\/revisions\/8586"}],"wp:attachment":[{"href":"https:\/\/deltavipguvenlik.com\/ru\/wp-json\/wp\/v2\/media?parent=2974"}],"curies":[{"name":"wp","href":"https:\/\/api.w.org\/{rel}","templated":true}]}}